{"id":90,"date":"2023-10-05T15:11:03","date_gmt":"2023-10-05T13:11:03","guid":{"rendered":"https:\/\/sp-net.fr\/blog-eo\/log-in-3\/"},"modified":"2023-10-05T15:11:03","modified_gmt":"2023-10-05T13:11:03","slug":"log-in-3","status":"publish","type":"page","link":"https:\/\/sp-net.fr\/blog-excellence-operationnelle\/log-in-3\/","title":{"rendered":"Log In"},"content":{"rendered":"\n<div class=\"wpum-template wpum-form wpum-login-form\">\n\n\t\n\t<form action=\"\/blog-excellence-operationnelle\/wp-json\/wp\/v2\/pages\/90\" method=\"post\" id=\"wpum-submit-login-form\" enctype=\"multipart\/form-data\">\n\n\t\t<h2>Log In<\/h2>\n\n\t\t\t\t\t<fieldset class=\"fieldset-username\">\n\n\t\t\t\t\n\t\t\t\t\t<label for=\"username\">\n\t\t\t\t\t\tIdentifiant ou adresse e-mail\t\t\t\t\t\t\t\t\t\t\t\t\t<span class=\"wpum-required\">*<\/span>\n\t\t\t\t\t\t\t\t\t\t\t<\/label>\n\t\t\t\t\t<div class=\"field required-field\">\n\t\t\t\t\t\t\n<input\n\ttype=\"text\"\n\tclass=\"input-text\"\n\tname=\"username\"\n\t\tid=\"username\"\n\tplaceholder=\"\"\n\tvalue=\"\"\n\tmaxlength=\"\"\n\trequired\t\t\/>\n\t\t\t\t\t<\/div>\n\n\t\t\t\t\n\t\t\t<\/fieldset>\n\t\t\t\t\t<fieldset class=\"fieldset-password\">\n\n\t\t\t\t\n\t\t\t\t\t<label for=\"password\">\n\t\t\t\t\t\tMot de passe\t\t\t\t\t\t\t\t\t\t\t\t\t<span class=\"wpum-required\">*<\/span>\n\t\t\t\t\t\t\t\t\t\t\t<\/label>\n\t\t\t\t\t<div class=\"field required-field\">\n\t\t\t\t\t\t\n<input type=\"password\" class=\"input-text\" name=\"password\" id=\"password\" placeholder=\"\" value=\"\" maxlength=\"\" required \/>\n\t\t\t\t\t<\/div>\n\n\t\t\t\t\n\t\t\t<\/fieldset>\n\t\t\t\t\t<fieldset class=\"fieldset-remember\">\n\n\t\t\t\t\n\t\t\t\t\t<label for=\"remember\">\n\t\t\t\t\t\t<span class=\"field \">\n\t\t\t\t\t\t\t\n<input type=\"checkbox\" class=\"input-checkbox\" name=\"remember\" id=\"remember\"  value=\"1\"  \/>\n\t\t\t\t\t\t<\/span>\n\t\t\t\t\t\tSe souvenir de moi\t\t\t\t\t\t\t\t\t\t\t<\/label>\n\n\t\t\t\t\n\t\t\t<\/fieldset>\n\t\t\n\t\t<input type=\"hidden\" name=\"wpum_form\" value=\"login\" \/>\n\t\t<input type=\"hidden\" name=\"step\" value=\"0\" \/>\n\t\t<input type=\"hidden\" name=\"submit_referrer\" value=\"\" \/>\n\n\t\t\n\t\t<input type=\"submit\" name=\"submit_login\" class=\"button\" value=\"Se connecter\" \/>\n\n\t<\/form>\n\n\t\n<\/div>\n<style>\n\tsection.main-section {\n\t\tbackground: rgb(229 231 235)!important;\n\t}\n<\/style>\n<ul class=\"wpum-action-links\">\n\t\t\t<li>\n\t\tVous n&rsquo;avez pas encore de compte? <a href=\"https:\/\/sp-net.fr\/blog-excellence-operationnelle\/register-7\/\">S&rsquo;inscrire &raquo;<\/a>\t<\/li>\n\t\t\t<li>\n\t\t<a href=\"https:\/\/sp-net.fr\/blog-excellence-operationnelle\/password-reset-7\/\">\n\t\t\tMot de passe oubli\u00e9?\t\t<\/a>\n\t<\/li>\n\t<\/ul>\n","protected":false},"excerpt":{"rendered":"","protected":false},"author":1,"featured_media":0,"parent":0,"menu_order":0,"comment_status":"closed","ping_status":"closed","template":"","meta":{"_acf_changed":false,"footnotes":""},"class_list":["post-90","page","type-page","status-publish","hentry"],"acf":[],"yoast_head":"<!-- This site is optimized with the Yoast SEO Premium plugin v22.0 (Yoast SEO v25.4) - https:\/\/yoast.com\/wordpress\/plugins\/seo\/ -->\n<title>Log In - Blog Excellence Op\u00e9rationnelle<\/title>\n<meta name=\"robots\" content=\"index, follow, max-snippet:-1, max-image-preview:large, max-video-preview:-1\" \/>\n<link rel=\"canonical\" href=\"https:\/\/sp-net.fr\/blog-excellence-operationnelle\/log-in-3\/\" \/>\n<meta property=\"og:locale\" content=\"fr_FR\" \/>\n<meta property=\"og:type\" content=\"article\" \/>\n<meta property=\"og:title\" content=\"Log In\" \/>\n<meta property=\"og:url\" content=\"https:\/\/sp-net.fr\/blog-excellence-operationnelle\/log-in-3\/\" \/>\n<meta property=\"og:site_name\" content=\"Blog Excellence Op\u00e9rationnelle\" \/>\n<meta name=\"twitter:card\" content=\"summary_large_image\" \/>\n<script type=\"application\/ld+json\" class=\"yoast-schema-graph\">{\"@context\":\"https:\/\/schema.org\",\"@graph\":[{\"@type\":\"WebPage\",\"@id\":\"https:\/\/sp-net.fr\/blog-excellence-operationnelle\/log-in-3\/\",\"url\":\"https:\/\/sp-net.fr\/blog-excellence-operationnelle\/log-in-3\/\",\"name\":\"Log In - Blog Excellence Op\u00e9rationnelle\",\"isPartOf\":{\"@id\":\"https:\/\/sp-net.fr\/blog-excellence-operationnelle\/#website\"},\"datePublished\":\"2023-10-05T13:11:03+00:00\",\"breadcrumb\":{\"@id\":\"https:\/\/sp-net.fr\/blog-excellence-operationnelle\/log-in-3\/#breadcrumb\"},\"inLanguage\":\"fr-FR\",\"potentialAction\":[{\"@type\":\"ReadAction\",\"target\":[\"https:\/\/sp-net.fr\/blog-excellence-operationnelle\/log-in-3\/\"]}]},{\"@type\":\"BreadcrumbList\",\"@id\":\"https:\/\/sp-net.fr\/blog-excellence-operationnelle\/log-in-3\/#breadcrumb\",\"itemListElement\":[{\"@type\":\"ListItem\",\"position\":1,\"name\":\"Accueil\",\"item\":\"https:\/\/sp-net.fr\/blog-excellence-operationnelle\/\"},{\"@type\":\"ListItem\",\"position\":2,\"name\":\"Log In\"}]},{\"@type\":\"WebSite\",\"@id\":\"https:\/\/sp-net.fr\/blog-excellence-operationnelle\/#website\",\"url\":\"https:\/\/sp-net.fr\/blog-excellence-operationnelle\/\",\"name\":\"Blog Excellence Op\u00e9rationnelle\",\"description\":\"Un r\u00e9seau de Consultants ind\u00e9pendants en Excellence Op\u00e9rationnelle\",\"publisher\":{\"@id\":\"https:\/\/sp-net.fr\/blog-excellence-operationnelle\/#organization\"},\"potentialAction\":[{\"@type\":\"SearchAction\",\"target\":{\"@type\":\"EntryPoint\",\"urlTemplate\":\"https:\/\/sp-net.fr\/blog-excellence-operationnelle\/?s={search_term_string}\"},\"query-input\":{\"@type\":\"PropertyValueSpecification\",\"valueRequired\":true,\"valueName\":\"search_term_string\"}}],\"inLanguage\":\"fr-FR\"},{\"@type\":\"Organization\",\"@id\":\"https:\/\/sp-net.fr\/blog-excellence-operationnelle\/#organization\",\"name\":\"SP-Net\",\"url\":\"https:\/\/sp-net.fr\/blog-excellence-operationnelle\/\",\"logo\":{\"@type\":\"ImageObject\",\"inLanguage\":\"fr-FR\",\"@id\":\"https:\/\/sp-net.fr\/blog-excellence-operationnelle\/#\/schema\/logo\/image\/\",\"url\":\"https:\/\/sp-net.fr\/blog-eo\/wp-content\/uploads\/sites\/4\/2022\/04\/logo-SP-Net-2022.png\",\"contentUrl\":\"https:\/\/sp-net.fr\/blog-eo\/wp-content\/uploads\/sites\/4\/2022\/04\/logo-SP-Net-2022.png\",\"width\":1926,\"height\":1168,\"caption\":\"SP-Net\"},\"image\":{\"@id\":\"https:\/\/sp-net.fr\/blog-excellence-operationnelle\/#\/schema\/logo\/image\/\"}}]}<\/script>\n<!-- \/ Yoast SEO Premium plugin. -->","yoast_head_json":{"title":"Log In - Blog Excellence Op\u00e9rationnelle","robots":{"index":"index","follow":"follow","max-snippet":"max-snippet:-1","max-image-preview":"max-image-preview:large","max-video-preview":"max-video-preview:-1"},"canonical":"https:\/\/sp-net.fr\/blog-excellence-operationnelle\/log-in-3\/","og_locale":"fr_FR","og_type":"article","og_title":"Log In","og_url":"https:\/\/sp-net.fr\/blog-excellence-operationnelle\/log-in-3\/","og_site_name":"Blog Excellence Op\u00e9rationnelle","twitter_card":"summary_large_image","schema":{"@context":"https:\/\/schema.org","@graph":[{"@type":"WebPage","@id":"https:\/\/sp-net.fr\/blog-excellence-operationnelle\/log-in-3\/","url":"https:\/\/sp-net.fr\/blog-excellence-operationnelle\/log-in-3\/","name":"Log In - Blog Excellence Op\u00e9rationnelle","isPartOf":{"@id":"https:\/\/sp-net.fr\/blog-excellence-operationnelle\/#website"},"datePublished":"2023-10-05T13:11:03+00:00","breadcrumb":{"@id":"https:\/\/sp-net.fr\/blog-excellence-operationnelle\/log-in-3\/#breadcrumb"},"inLanguage":"fr-FR","potentialAction":[{"@type":"ReadAction","target":["https:\/\/sp-net.fr\/blog-excellence-operationnelle\/log-in-3\/"]}]},{"@type":"BreadcrumbList","@id":"https:\/\/sp-net.fr\/blog-excellence-operationnelle\/log-in-3\/#breadcrumb","itemListElement":[{"@type":"ListItem","position":1,"name":"Accueil","item":"https:\/\/sp-net.fr\/blog-excellence-operationnelle\/"},{"@type":"ListItem","position":2,"name":"Log In"}]},{"@type":"WebSite","@id":"https:\/\/sp-net.fr\/blog-excellence-operationnelle\/#website","url":"https:\/\/sp-net.fr\/blog-excellence-operationnelle\/","name":"Blog Excellence Op\u00e9rationnelle","description":"Un r\u00e9seau de Consultants ind\u00e9pendants en Excellence Op\u00e9rationnelle","publisher":{"@id":"https:\/\/sp-net.fr\/blog-excellence-operationnelle\/#organization"},"potentialAction":[{"@type":"SearchAction","target":{"@type":"EntryPoint","urlTemplate":"https:\/\/sp-net.fr\/blog-excellence-operationnelle\/?s={search_term_string}"},"query-input":{"@type":"PropertyValueSpecification","valueRequired":true,"valueName":"search_term_string"}}],"inLanguage":"fr-FR"},{"@type":"Organization","@id":"https:\/\/sp-net.fr\/blog-excellence-operationnelle\/#organization","name":"SP-Net","url":"https:\/\/sp-net.fr\/blog-excellence-operationnelle\/","logo":{"@type":"ImageObject","inLanguage":"fr-FR","@id":"https:\/\/sp-net.fr\/blog-excellence-operationnelle\/#\/schema\/logo\/image\/","url":"https:\/\/sp-net.fr\/blog-eo\/wp-content\/uploads\/sites\/4\/2022\/04\/logo-SP-Net-2022.png","contentUrl":"https:\/\/sp-net.fr\/blog-eo\/wp-content\/uploads\/sites\/4\/2022\/04\/logo-SP-Net-2022.png","width":1926,"height":1168,"caption":"SP-Net"},"image":{"@id":"https:\/\/sp-net.fr\/blog-excellence-operationnelle\/#\/schema\/logo\/image\/"}}]}},"_links":{"self":[{"href":"https:\/\/sp-net.fr\/blog-excellence-operationnelle\/wp-json\/wp\/v2\/pages\/90","targetHints":{"allow":["GET"]}}],"collection":[{"href":"https:\/\/sp-net.fr\/blog-excellence-operationnelle\/wp-json\/wp\/v2\/pages"}],"about":[{"href":"https:\/\/sp-net.fr\/blog-excellence-operationnelle\/wp-json\/wp\/v2\/types\/page"}],"author":[{"embeddable":true,"href":"https:\/\/sp-net.fr\/blog-excellence-operationnelle\/wp-json\/wp\/v2\/users\/1"}],"replies":[{"embeddable":true,"href":"https:\/\/sp-net.fr\/blog-excellence-operationnelle\/wp-json\/wp\/v2\/comments?post=90"}],"version-history":[{"count":0,"href":"https:\/\/sp-net.fr\/blog-excellence-operationnelle\/wp-json\/wp\/v2\/pages\/90\/revisions"}],"wp:attachment":[{"href":"https:\/\/sp-net.fr\/blog-excellence-operationnelle\/wp-json\/wp\/v2\/media?parent=90"}],"curies":[{"name":"wp","href":"https:\/\/api.w.org\/{rel}","templated":true}]}}