{"id":77,"date":"2023-02-20T20:18:27","date_gmt":"2023-02-20T19:18:27","guid":{"rendered":"https:\/\/sp-net.fr\/blog-eo\/account-2\/"},"modified":"2023-02-20T20:18:27","modified_gmt":"2023-02-20T19:18:27","slug":"account-2","status":"publish","type":"page","link":"https:\/\/sp-net.fr\/blog-excellence-operationnelle\/account-2\/","title":{"rendered":"Account"},"content":{"rendered":"\n<div class=\"wpum-template wpum-account-page\">\n\t\n<div class=\"px-4 py-3 2xl:container bg-gray-100 border rounded-md mb-4 mx-auto flex flex-col lg:flex-row items-start lg:items-center justify-between\">\n    <div class=\"md:flex md:items-center w-full md:w-auto\">\n        <a href=\"https:\/\/sp-net.fr\/blog-excellence-operationnelle\/resaconseil\/\"\n        class=\"block md:mx-2 my-2 bg-white text-green-700 hover:bg-gray-100 transition duration-150 ease-in-out focus:outline-none rounded px-6 py-3\">\n            Accueil\n        <\/a>\n        <a href=\"https:\/\/sp-net.fr\/blog-excellence-operationnelle\/profile-7\/\"\n            class=\"block md:mx-2 my-2 bg-white text-green-700 hover:bg-gray-100 transition duration-150 ease-in-out focus:outline-none rounded px-6 py-3\">\n            Mon profil\n        <\/a>\n                <a href=\"https:\/\/sp-net.fr\/blog-excellence-operationnelle\/prendre-rendez-vous\/\"\n            class=\"block md:mx-2 my-2 bg-white text-green-700 hover:bg-gray-100 transition duration-150 ease-in-out focus:outline-none rounded px-6 py-3\">\n            Prendre rendez-vous\n        <\/a>\n                        <a href=\"https:\/\/sp-net.fr\/blog-excellence-operationnelle\/shop-des-heures\/\"\n            class=\"block md:mx-2 my-2 bg-white text-green-700 hover:bg-gray-100 transition duration-150 ease-in-out focus:outline-none rounded px-6 py-3\">\n            Acheter des heures\n        <\/a>\n                <a href=\"https:\/\/sp-net.fr\/blog-excellence-operationnelle\/planning\/\"\n            class=\"block md:mx-2 my-2 bg-white text-green-700 hover:bg-gray-100 transition duration-150 ease-in-out focus:outline-none rounded px-6 py-3\n            hidden\">\n            G\u00e9rer le planning\n        <\/a>\n        <a href=\"https:\/\/sp-net.fr\/blog-excellence-operationnelle\/mes-rendez-vous\/\"\n        class=\"block md:mx-2 my-2 bg-white text-green-700 hover:bg-gray-100 transition duration-150 ease-in-out focus:outline-none rounded px-6 py-3\">\n            Mes rendez-vous\n        <\/a>\n            <\/div>\n    <h3 class=\"rest-hour-rdv-parent text-red-600 mr-6 border p-3 rounded bg-white\">\r\n    <i class=\"fas fa-alarm-clock text-2xl mr-2\"><\/i> \r\n    <span class=\"rest-hour-rdv\">00 h 00 mn 00 s <\/span>\r\n<\/h3><\/div>\n\t<div class=\"wpum_one_third\">\n\t\t<nav id=\"wpum-account-forms-tabs\" class=\"wpum-template wpum-account-navigation\">\n\t<ul>\n\t\t\t\t\t<li class=\"active tab-settings\">\n\t\t\t\t<a href=\"https:\/\/sp-net.fr\/blog-excellence-operationnelle\/account-2\/settings\" class=\"current-tab tab-settings\">Param\u00e8tres<\/a>\n\t\t\t<\/li>\n\t\t\t\t\t<li class=\" tab-password\">\n\t\t\t\t<a href=\"https:\/\/sp-net.fr\/blog-excellence-operationnelle\/account-2\/password\" class=\" tab-password\">Mot de passe<\/a>\n\t\t\t<\/li>\n\t\t\t<\/ul>\n<\/nav>\n\t<\/div>\n\n\t<div class=\"wpum_two_third last\">\n\t\t\t<\/div>\n\n\t<div class=\"wpum_clearfix\"><\/div>\n\n<\/div>\n<style>\n\tsection.main-section {\n\t\tbackground: rgb(229 231 235)!important;\n\t}\n<\/style>","protected":false},"excerpt":{"rendered":"","protected":false},"author":1,"featured_media":0,"parent":0,"menu_order":0,"comment_status":"closed","ping_status":"closed","template":"","meta":{"_acf_changed":false,"footnotes":""},"class_list":["post-77","page","type-page","status-publish","hentry"],"acf":[],"yoast_head":"<!-- This site is optimized with the Yoast SEO Premium plugin v22.0 (Yoast SEO v25.4) - https:\/\/yoast.com\/wordpress\/plugins\/seo\/ -->\n<title>Account - Blog Excellence Op\u00e9rationnelle<\/title>\n<meta name=\"robots\" content=\"index, follow, max-snippet:-1, max-image-preview:large, max-video-preview:-1\" \/>\n<link rel=\"canonical\" href=\"https:\/\/sp-net.fr\/blog-excellence-operationnelle\/account-2\/\" \/>\n<meta property=\"og:locale\" content=\"fr_FR\" \/>\n<meta property=\"og:type\" content=\"article\" \/>\n<meta property=\"og:title\" content=\"Account\" \/>\n<meta property=\"og:url\" content=\"https:\/\/sp-net.fr\/blog-excellence-operationnelle\/account-2\/\" \/>\n<meta property=\"og:site_name\" content=\"Blog Excellence Op\u00e9rationnelle\" \/>\n<meta name=\"twitter:card\" content=\"summary_large_image\" \/>\n<script type=\"application\/ld+json\" class=\"yoast-schema-graph\">{\"@context\":\"https:\/\/schema.org\",\"@graph\":[{\"@type\":\"WebPage\",\"@id\":\"https:\/\/sp-net.fr\/blog-excellence-operationnelle\/account-2\/\",\"url\":\"https:\/\/sp-net.fr\/blog-excellence-operationnelle\/account-2\/\",\"name\":\"Account - Blog Excellence Op\u00e9rationnelle\",\"isPartOf\":{\"@id\":\"https:\/\/sp-net.fr\/blog-excellence-operationnelle\/#website\"},\"datePublished\":\"2023-02-20T19:18:27+00:00\",\"breadcrumb\":{\"@id\":\"https:\/\/sp-net.fr\/blog-excellence-operationnelle\/account-2\/#breadcrumb\"},\"inLanguage\":\"fr-FR\",\"potentialAction\":[{\"@type\":\"ReadAction\",\"target\":[\"https:\/\/sp-net.fr\/blog-excellence-operationnelle\/account-2\/\"]}]},{\"@type\":\"BreadcrumbList\",\"@id\":\"https:\/\/sp-net.fr\/blog-excellence-operationnelle\/account-2\/#breadcrumb\",\"itemListElement\":[{\"@type\":\"ListItem\",\"position\":1,\"name\":\"Accueil\",\"item\":\"https:\/\/sp-net.fr\/blog-excellence-operationnelle\/\"},{\"@type\":\"ListItem\",\"position\":2,\"name\":\"Account\"}]},{\"@type\":\"WebSite\",\"@id\":\"https:\/\/sp-net.fr\/blog-excellence-operationnelle\/#website\",\"url\":\"https:\/\/sp-net.fr\/blog-excellence-operationnelle\/\",\"name\":\"Blog Excellence Op\u00e9rationnelle\",\"description\":\"Un r\u00e9seau de Consultants ind\u00e9pendants en Excellence Op\u00e9rationnelle\",\"publisher\":{\"@id\":\"https:\/\/sp-net.fr\/blog-excellence-operationnelle\/#organization\"},\"potentialAction\":[{\"@type\":\"SearchAction\",\"target\":{\"@type\":\"EntryPoint\",\"urlTemplate\":\"https:\/\/sp-net.fr\/blog-excellence-operationnelle\/?s={search_term_string}\"},\"query-input\":{\"@type\":\"PropertyValueSpecification\",\"valueRequired\":true,\"valueName\":\"search_term_string\"}}],\"inLanguage\":\"fr-FR\"},{\"@type\":\"Organization\",\"@id\":\"https:\/\/sp-net.fr\/blog-excellence-operationnelle\/#organization\",\"name\":\"SP-Net\",\"url\":\"https:\/\/sp-net.fr\/blog-excellence-operationnelle\/\",\"logo\":{\"@type\":\"ImageObject\",\"inLanguage\":\"fr-FR\",\"@id\":\"https:\/\/sp-net.fr\/blog-excellence-operationnelle\/#\/schema\/logo\/image\/\",\"url\":\"https:\/\/sp-net.fr\/blog-eo\/wp-content\/uploads\/sites\/4\/2022\/04\/logo-SP-Net-2022.png\",\"contentUrl\":\"https:\/\/sp-net.fr\/blog-eo\/wp-content\/uploads\/sites\/4\/2022\/04\/logo-SP-Net-2022.png\",\"width\":1926,\"height\":1168,\"caption\":\"SP-Net\"},\"image\":{\"@id\":\"https:\/\/sp-net.fr\/blog-excellence-operationnelle\/#\/schema\/logo\/image\/\"}}]}<\/script>\n<!-- \/ Yoast SEO Premium plugin. -->","yoast_head_json":{"title":"Account - Blog Excellence Op\u00e9rationnelle","robots":{"index":"index","follow":"follow","max-snippet":"max-snippet:-1","max-image-preview":"max-image-preview:large","max-video-preview":"max-video-preview:-1"},"canonical":"https:\/\/sp-net.fr\/blog-excellence-operationnelle\/account-2\/","og_locale":"fr_FR","og_type":"article","og_title":"Account","og_url":"https:\/\/sp-net.fr\/blog-excellence-operationnelle\/account-2\/","og_site_name":"Blog Excellence Op\u00e9rationnelle","twitter_card":"summary_large_image","schema":{"@context":"https:\/\/schema.org","@graph":[{"@type":"WebPage","@id":"https:\/\/sp-net.fr\/blog-excellence-operationnelle\/account-2\/","url":"https:\/\/sp-net.fr\/blog-excellence-operationnelle\/account-2\/","name":"Account - Blog Excellence Op\u00e9rationnelle","isPartOf":{"@id":"https:\/\/sp-net.fr\/blog-excellence-operationnelle\/#website"},"datePublished":"2023-02-20T19:18:27+00:00","breadcrumb":{"@id":"https:\/\/sp-net.fr\/blog-excellence-operationnelle\/account-2\/#breadcrumb"},"inLanguage":"fr-FR","potentialAction":[{"@type":"ReadAction","target":["https:\/\/sp-net.fr\/blog-excellence-operationnelle\/account-2\/"]}]},{"@type":"BreadcrumbList","@id":"https:\/\/sp-net.fr\/blog-excellence-operationnelle\/account-2\/#breadcrumb","itemListElement":[{"@type":"ListItem","position":1,"name":"Accueil","item":"https:\/\/sp-net.fr\/blog-excellence-operationnelle\/"},{"@type":"ListItem","position":2,"name":"Account"}]},{"@type":"WebSite","@id":"https:\/\/sp-net.fr\/blog-excellence-operationnelle\/#website","url":"https:\/\/sp-net.fr\/blog-excellence-operationnelle\/","name":"Blog Excellence Op\u00e9rationnelle","description":"Un r\u00e9seau de Consultants ind\u00e9pendants en Excellence Op\u00e9rationnelle","publisher":{"@id":"https:\/\/sp-net.fr\/blog-excellence-operationnelle\/#organization"},"potentialAction":[{"@type":"SearchAction","target":{"@type":"EntryPoint","urlTemplate":"https:\/\/sp-net.fr\/blog-excellence-operationnelle\/?s={search_term_string}"},"query-input":{"@type":"PropertyValueSpecification","valueRequired":true,"valueName":"search_term_string"}}],"inLanguage":"fr-FR"},{"@type":"Organization","@id":"https:\/\/sp-net.fr\/blog-excellence-operationnelle\/#organization","name":"SP-Net","url":"https:\/\/sp-net.fr\/blog-excellence-operationnelle\/","logo":{"@type":"ImageObject","inLanguage":"fr-FR","@id":"https:\/\/sp-net.fr\/blog-excellence-operationnelle\/#\/schema\/logo\/image\/","url":"https:\/\/sp-net.fr\/blog-eo\/wp-content\/uploads\/sites\/4\/2022\/04\/logo-SP-Net-2022.png","contentUrl":"https:\/\/sp-net.fr\/blog-eo\/wp-content\/uploads\/sites\/4\/2022\/04\/logo-SP-Net-2022.png","width":1926,"height":1168,"caption":"SP-Net"},"image":{"@id":"https:\/\/sp-net.fr\/blog-excellence-operationnelle\/#\/schema\/logo\/image\/"}}]}},"_links":{"self":[{"href":"https:\/\/sp-net.fr\/blog-excellence-operationnelle\/wp-json\/wp\/v2\/pages\/77","targetHints":{"allow":["GET"]}}],"collection":[{"href":"https:\/\/sp-net.fr\/blog-excellence-operationnelle\/wp-json\/wp\/v2\/pages"}],"about":[{"href":"https:\/\/sp-net.fr\/blog-excellence-operationnelle\/wp-json\/wp\/v2\/types\/page"}],"author":[{"embeddable":true,"href":"https:\/\/sp-net.fr\/blog-excellence-operationnelle\/wp-json\/wp\/v2\/users\/1"}],"replies":[{"embeddable":true,"href":"https:\/\/sp-net.fr\/blog-excellence-operationnelle\/wp-json\/wp\/v2\/comments?post=77"}],"version-history":[{"count":0,"href":"https:\/\/sp-net.fr\/blog-excellence-operationnelle\/wp-json\/wp\/v2\/pages\/77\/revisions"}],"wp:attachment":[{"href":"https:\/\/sp-net.fr\/blog-excellence-operationnelle\/wp-json\/wp\/v2\/media?parent=77"}],"curies":[{"name":"wp","href":"https:\/\/api.w.org\/{rel}","templated":true}]}}