{"id":144,"date":"2023-11-26T20:32:11","date_gmt":"2023-11-26T19:32:11","guid":{"rendered":"https:\/\/sp-net.fr\/blog-excellence-operationnelle\/profile-7\/"},"modified":"2023-11-26T20:32:11","modified_gmt":"2023-11-26T19:32:11","slug":"profile-7","status":"publish","type":"page","link":"https:\/\/sp-net.fr\/blog-excellence-operationnelle\/profile-7\/","title":{"rendered":"Profile"},"content":{"rendered":"<div class=\"wpum-message warning\">\n\t<p>Ce contenu est disponible uniquement aux membres. Veuillez <a href=\"https:\/\/sp-net.fr\/blog-excellence-operationnelle\/log-in-7\/\">vous identifier<\/a> ou <a href=\"https:\/\/sp-net.fr\/blog-excellence-operationnelle\/register-7\/\">vous enregistrer<\/a> pour afficher cette zone.<\/p>\n<\/div>\n","protected":false},"excerpt":{"rendered":"","protected":false},"author":1,"featured_media":0,"parent":0,"menu_order":0,"comment_status":"closed","ping_status":"closed","template":"","meta":{"_acf_changed":false,"footnotes":""},"class_list":["post-144","page","type-page","status-publish","hentry"],"acf":[],"yoast_head":"<!-- This site is optimized with the Yoast SEO Premium plugin v22.0 (Yoast SEO v25.4) - https:\/\/yoast.com\/wordpress\/plugins\/seo\/ -->\n<title>Profile - Blog Excellence Op\u00e9rationnelle<\/title>\n<meta name=\"robots\" content=\"index, follow, max-snippet:-1, max-image-preview:large, max-video-preview:-1\" \/>\n<link rel=\"canonical\" href=\"https:\/\/sp-net.fr\/blog-excellence-operationnelle\/profile-7\/\" \/>\n<meta property=\"og:locale\" content=\"fr_FR\" \/>\n<meta property=\"og:type\" content=\"article\" \/>\n<meta property=\"og:title\" content=\"Profile\" \/>\n<meta property=\"og:url\" content=\"https:\/\/sp-net.fr\/blog-excellence-operationnelle\/profile-7\/\" \/>\n<meta property=\"og:site_name\" content=\"Blog Excellence Op\u00e9rationnelle\" \/>\n<meta name=\"twitter:card\" content=\"summary_large_image\" \/>\n<script type=\"application\/ld+json\" class=\"yoast-schema-graph\">{\"@context\":\"https:\/\/schema.org\",\"@graph\":[{\"@type\":\"WebPage\",\"@id\":\"https:\/\/sp-net.fr\/blog-excellence-operationnelle\/profile-7\/\",\"url\":\"https:\/\/sp-net.fr\/blog-excellence-operationnelle\/profile-7\/\",\"name\":\"Profile - Blog Excellence Op\u00e9rationnelle\",\"isPartOf\":{\"@id\":\"https:\/\/sp-net.fr\/blog-excellence-operationnelle\/#website\"},\"datePublished\":\"2023-11-26T19:32:11+00:00\",\"breadcrumb\":{\"@id\":\"https:\/\/sp-net.fr\/blog-excellence-operationnelle\/profile-7\/#breadcrumb\"},\"inLanguage\":\"fr-FR\",\"potentialAction\":[{\"@type\":\"ReadAction\",\"target\":[\"https:\/\/sp-net.fr\/blog-excellence-operationnelle\/profile-7\/\"]}]},{\"@type\":\"BreadcrumbList\",\"@id\":\"https:\/\/sp-net.fr\/blog-excellence-operationnelle\/profile-7\/#breadcrumb\",\"itemListElement\":[{\"@type\":\"ListItem\",\"position\":1,\"name\":\"Accueil\",\"item\":\"https:\/\/sp-net.fr\/blog-excellence-operationnelle\/\"},{\"@type\":\"ListItem\",\"position\":2,\"name\":\"Profile\"}]},{\"@type\":\"WebSite\",\"@id\":\"https:\/\/sp-net.fr\/blog-excellence-operationnelle\/#website\",\"url\":\"https:\/\/sp-net.fr\/blog-excellence-operationnelle\/\",\"name\":\"Blog Excellence Op\u00e9rationnelle\",\"description\":\"Un r\u00e9seau de Consultants ind\u00e9pendants en Excellence Op\u00e9rationnelle\",\"publisher\":{\"@id\":\"https:\/\/sp-net.fr\/blog-excellence-operationnelle\/#organization\"},\"potentialAction\":[{\"@type\":\"SearchAction\",\"target\":{\"@type\":\"EntryPoint\",\"urlTemplate\":\"https:\/\/sp-net.fr\/blog-excellence-operationnelle\/?s={search_term_string}\"},\"query-input\":{\"@type\":\"PropertyValueSpecification\",\"valueRequired\":true,\"valueName\":\"search_term_string\"}}],\"inLanguage\":\"fr-FR\"},{\"@type\":\"Organization\",\"@id\":\"https:\/\/sp-net.fr\/blog-excellence-operationnelle\/#organization\",\"name\":\"SP-Net\",\"url\":\"https:\/\/sp-net.fr\/blog-excellence-operationnelle\/\",\"logo\":{\"@type\":\"ImageObject\",\"inLanguage\":\"fr-FR\",\"@id\":\"https:\/\/sp-net.fr\/blog-excellence-operationnelle\/#\/schema\/logo\/image\/\",\"url\":\"https:\/\/sp-net.fr\/blog-eo\/wp-content\/uploads\/sites\/4\/2022\/04\/logo-SP-Net-2022.png\",\"contentUrl\":\"https:\/\/sp-net.fr\/blog-eo\/wp-content\/uploads\/sites\/4\/2022\/04\/logo-SP-Net-2022.png\",\"width\":1926,\"height\":1168,\"caption\":\"SP-Net\"},\"image\":{\"@id\":\"https:\/\/sp-net.fr\/blog-excellence-operationnelle\/#\/schema\/logo\/image\/\"}}]}<\/script>\n<!-- \/ Yoast SEO Premium plugin. -->","yoast_head_json":{"title":"Profile - Blog Excellence Op\u00e9rationnelle","robots":{"index":"index","follow":"follow","max-snippet":"max-snippet:-1","max-image-preview":"max-image-preview:large","max-video-preview":"max-video-preview:-1"},"canonical":"https:\/\/sp-net.fr\/blog-excellence-operationnelle\/profile-7\/","og_locale":"fr_FR","og_type":"article","og_title":"Profile","og_url":"https:\/\/sp-net.fr\/blog-excellence-operationnelle\/profile-7\/","og_site_name":"Blog Excellence Op\u00e9rationnelle","twitter_card":"summary_large_image","schema":{"@context":"https:\/\/schema.org","@graph":[{"@type":"WebPage","@id":"https:\/\/sp-net.fr\/blog-excellence-operationnelle\/profile-7\/","url":"https:\/\/sp-net.fr\/blog-excellence-operationnelle\/profile-7\/","name":"Profile - Blog Excellence Op\u00e9rationnelle","isPartOf":{"@id":"https:\/\/sp-net.fr\/blog-excellence-operationnelle\/#website"},"datePublished":"2023-11-26T19:32:11+00:00","breadcrumb":{"@id":"https:\/\/sp-net.fr\/blog-excellence-operationnelle\/profile-7\/#breadcrumb"},"inLanguage":"fr-FR","potentialAction":[{"@type":"ReadAction","target":["https:\/\/sp-net.fr\/blog-excellence-operationnelle\/profile-7\/"]}]},{"@type":"BreadcrumbList","@id":"https:\/\/sp-net.fr\/blog-excellence-operationnelle\/profile-7\/#breadcrumb","itemListElement":[{"@type":"ListItem","position":1,"name":"Accueil","item":"https:\/\/sp-net.fr\/blog-excellence-operationnelle\/"},{"@type":"ListItem","position":2,"name":"Profile"}]},{"@type":"WebSite","@id":"https:\/\/sp-net.fr\/blog-excellence-operationnelle\/#website","url":"https:\/\/sp-net.fr\/blog-excellence-operationnelle\/","name":"Blog Excellence Op\u00e9rationnelle","description":"Un r\u00e9seau de Consultants ind\u00e9pendants en Excellence Op\u00e9rationnelle","publisher":{"@id":"https:\/\/sp-net.fr\/blog-excellence-operationnelle\/#organization"},"potentialAction":[{"@type":"SearchAction","target":{"@type":"EntryPoint","urlTemplate":"https:\/\/sp-net.fr\/blog-excellence-operationnelle\/?s={search_term_string}"},"query-input":{"@type":"PropertyValueSpecification","valueRequired":true,"valueName":"search_term_string"}}],"inLanguage":"fr-FR"},{"@type":"Organization","@id":"https:\/\/sp-net.fr\/blog-excellence-operationnelle\/#organization","name":"SP-Net","url":"https:\/\/sp-net.fr\/blog-excellence-operationnelle\/","logo":{"@type":"ImageObject","inLanguage":"fr-FR","@id":"https:\/\/sp-net.fr\/blog-excellence-operationnelle\/#\/schema\/logo\/image\/","url":"https:\/\/sp-net.fr\/blog-eo\/wp-content\/uploads\/sites\/4\/2022\/04\/logo-SP-Net-2022.png","contentUrl":"https:\/\/sp-net.fr\/blog-eo\/wp-content\/uploads\/sites\/4\/2022\/04\/logo-SP-Net-2022.png","width":1926,"height":1168,"caption":"SP-Net"},"image":{"@id":"https:\/\/sp-net.fr\/blog-excellence-operationnelle\/#\/schema\/logo\/image\/"}}]}},"_links":{"self":[{"href":"https:\/\/sp-net.fr\/blog-excellence-operationnelle\/wp-json\/wp\/v2\/pages\/144","targetHints":{"allow":["GET"]}}],"collection":[{"href":"https:\/\/sp-net.fr\/blog-excellence-operationnelle\/wp-json\/wp\/v2\/pages"}],"about":[{"href":"https:\/\/sp-net.fr\/blog-excellence-operationnelle\/wp-json\/wp\/v2\/types\/page"}],"author":[{"embeddable":true,"href":"https:\/\/sp-net.fr\/blog-excellence-operationnelle\/wp-json\/wp\/v2\/users\/1"}],"replies":[{"embeddable":true,"href":"https:\/\/sp-net.fr\/blog-excellence-operationnelle\/wp-json\/wp\/v2\/comments?post=144"}],"version-history":[{"count":0,"href":"https:\/\/sp-net.fr\/blog-excellence-operationnelle\/wp-json\/wp\/v2\/pages\/144\/revisions"}],"wp:attachment":[{"href":"https:\/\/sp-net.fr\/blog-excellence-operationnelle\/wp-json\/wp\/v2\/media?parent=144"}],"curies":[{"name":"wp","href":"https:\/\/api.w.org\/{rel}","templated":true}]}}